{"id":491,"date":"2021-06-07T18:22:50","date_gmt":"2021-06-07T18:22:50","guid":{"rendered":"https:\/\/siriuskriminal.com\/?page_id=491"},"modified":"2025-12-08T05:44:38","modified_gmt":"2025-12-08T05:44:38","slug":"egitim-programlari","status":"publish","type":"page","link":"https:\/\/siriuskriminal.com\/en\/egitim-programlari\/","title":{"rendered":"Training Programmes"},"content":{"rendered":"<h2 class=\"wp-block-heading has-pale-cyan-blue-background-color has-background\">Criminal and Crime Scene Investigation Programs<\/h2>\n\n\n\n<p><strong>First Responders Training (ToT Format) <\/strong><\/p>\n\n\n\n<p><strong>Crime Scene Investigation Training <\/strong><\/p>\n\n\n\n<p><strong>Fingerprint Development Techniques Course <\/strong><\/p>\n\n\n\n<p><strong>Fingerprint Classification Methods &amp;Techniques Course <\/strong><\/p>\n\n\n\n<p><strong>Advanced Crime Scene Investigation Course <\/strong><\/p>\n\n\n\n<p><strong>Shooting Reconstruction Training <\/strong><\/p>\n\n\n\n<p><strong>Bloodstain Pattern Analysis Training <\/strong><\/p>\n\n\n\n<p><strong>DVI (Disaster Victim Identification) Training <\/strong><\/p>\n\n\n\n<p><strong>Questioned Document Examination Training <\/strong><\/p>\n\n\n\n<h4 class=\"wp-block-heading\"><\/h4>\n\n\n\n<h2 class=\"wp-block-heading has-pale-cyan-blue-background-color has-background\">Cyber Security, Digital Forensic and GDPR Training Programs<\/h2>\n\n\n\n<p><strong>Digital Forensic Training <\/strong><\/p>\n\n\n\n<p><strong>Cyber Crime Investigation and Prosecution Training<\/strong><\/p>\n\n\n\n<p><strong>Forensic DVR (Digital Video Recorder) Training <\/strong><\/p>\n\n\n\n<p><strong>Cyber Security Training <\/strong><\/p>\n\n\n\n<p><strong>Cryptocurrency Investigation Training <\/strong><\/p>\n\n\n\n<p><strong>Financial Crime Investigation Tecniques Trainining<\/strong><strong> <\/strong><\/p>\n\n\n\n<p><strong>GDPR Training <\/strong><\/p>\n\n\n\n<h3 class=\"wp-block-heading\"><\/h3>\n\n\n\n<h2 class=\"wp-block-heading has-pale-cyan-blue-background-color has-background\">Counter IED-EOD Training Programs<\/h2>\n\n\n\n<p>       <strong>Basic Bomb Expert (Technician) Training<\/strong><\/p>\n\n\n\n<p>       <strong>Post- Explosion Crime Scene Management and Investigation Course<\/strong><\/p>\n\n\n\n<p>       <strong>Explosive Material Handling Techniques Course for Operational Purpose Course<\/strong><\/p>\n\n\n\n<p>       <strong>Advanced Technical Bomb Fusing Systems Course<\/strong><\/p>\n\n\n\n<p>       <strong>Dirty Bomb (CBRN) Response Methods Course <\/strong><\/p>\n\n\n\n<p>       <strong>Risks and Disposal Methods of Handmade and Fabrication Explosive Substance Course<\/strong><\/p>\n\n\n\n<h4 class=\"wp-block-heading\">       <strong>Awareness Training Programs (Theory)<\/strong><\/h4>\n\n\n\n<p>       <strong>Precautions course against bomb threat and suspicious package <\/strong><\/p>\n\n\n\n<p>       <strong>Prevention strategies and countermeasures course against suicide attacks and Vehicle-Borne Improvised Explosive Device (VBIED)<\/strong><\/p>\n\n\n\n<p>       <strong>Course of action and precautions against Bomb Warnings <\/strong><\/p>\n\n\n\n<p>       <strong>Training of course of action and measures to be taken in war and polluted areas<\/strong>)<\/p>\n\n\n\n<h3 class=\"wp-block-heading\"><\/h3>\n\n\n\n<h2 class=\"wp-block-heading has-pale-cyan-blue-background-color has-background\">Safety and Security Training Programs<\/h2>\n\n\n\n<p>          <strong>Basic Traffic Training <\/strong><\/p>\n\n\n\n<p>          <strong>Forensic Traffic Training <\/strong><\/p>\n\n\n\n<p>          <strong>Summit Security Training <\/strong><\/p>\n\n\n\n<p>          <strong>Stadium Security and Crowd Control Training<\/strong><\/p>\n\n\n\n<p>          <strong>Crowd and Riot Control Training <\/strong><\/p>\n\n\n\n<p>          <strong>Drug Related Crimes Investigation Training<\/strong><\/p>\n\n\n\n<p>          <strong>Modern Police Management Systems Training <\/strong><\/p>\n\n\n\n<p>          <strong>Crime Investigation Training <\/strong><\/p>\n\n\n\n<p>          <strong>Domestic Violence Investigation Training <\/strong><\/p>\n\n\n\n<p>          <strong>Inroduction Automotive Cyber Security Training (ISO 21434 ISO 26262)<\/strong><\/p>\n\n\n\n<p>          <strong>Forensic Photography and Visual Documentation Training<\/strong><\/p>\n\n\n\n<h2 class=\"wp-block-heading has-pale-cyan-blue-background-color has-background\">Other Training Programs<\/h2>\n\n\n\n<p>          <strong>Archeology and Historic Areas Photography Training<\/strong><\/p>\n\n\n\n<h2 class=\"wp-block-heading has-pale-cyan-blue-background-color has-background\">\u0130ngilizce E\u011fitim Katalo\u011fu <\/h2>\n\n\n\n<div data-wp-interactive=\"core\/file\" class=\"wp-block-file\"><object data-wp-bind--hidden=\"!state.hasPdfPreview\" hidden class=\"wp-block-file__embed\" data=\"https:\/\/siriuskriminal.com\/wp-content\/uploads\/2025\/12\/Sirius-kriminal-egitim-ozet-ingilizce-31125-latest-K9-2.pdf\" type=\"application\/pdf\" style=\"width:100%;height:600px\" aria-label=\"Embed of Sirius kriminal e\u011fitim \u00f6zet ingilizce 31125 latest K9 (2).\"><\/object><a id=\"wp-block-file--media-ad6138a8-a35a-4297-86f1-c857cbd3af7a\" href=\"https:\/\/siriuskriminal.com\/wp-content\/uploads\/2025\/12\/Sirius-kriminal-egitim-ozet-ingilizce-31125-latest-K9-2.pdf\">Sirius kriminal e\u011fitim \u00f6zet ingilizce 31125 latest K9 (2)<\/a><a href=\"https:\/\/siriuskriminal.com\/wp-content\/uploads\/2025\/12\/Sirius-kriminal-egitim-ozet-ingilizce-31125-latest-K9-2.pdf\" class=\"wp-block-file__button wp-element-button\" download aria-describedby=\"wp-block-file--media-ad6138a8-a35a-4297-86f1-c857cbd3af7a\">\u0130ndir<\/a><\/div>\n\n\n\n<p><\/p>","protected":false},"excerpt":{"rendered":"<p>Kriminal ve Olay Yeri \u0130nceleme E\u011fitim Programlar\u0131 \u0130lk Ekip E\u011fitimi (T\u00fcrk\u00e7e-\u0130ngilizce) Olay Yeri \u0130nceleme E\u011fitimi (T\u00fcrk\u00e7e-\u0130ngilizce) Parmakizi Geli\u015ftirme Teknikleri E\u011fitimi (T\u00fcrk\u00e7e-\u0130ngilizce) Parmakizi S\u0131n\u0131fland\u0131rma Method ve Teknikleri E\u011fitimi (T\u00fcrk\u00e7e-\u0130ngilizce) \u0130leri D\u00fczey Olay Yeri \u0130nceleme E\u011fitimi (T\u00fcrk\u00e7e-\u0130ngilizce) At\u0131\u015f\u0131n Yeniden Yap\u0131land\u0131r\u0131lmas\u0131 E\u011fitimi (T\u00fcrk\u00e7e-\u0130ngilizce) Kan Lekesi Model Analizi E\u011fitimi (T\u00fcrk\u00e7e-\u0130ngilizce) DVI (Felaket Kurbanlar\u0131n\u0131n Kimliklendirilmesi E\u011fitimi (T\u00fcrk\u00e7e-\u0130ngilizce) Adli Belge \u0130nceleme [&hellip;]<\/p>\n","protected":false},"author":1,"featured_media":0,"parent":0,"menu_order":0,"comment_status":"closed","ping_status":"closed","template":"","meta":{"om_disable_all_campaigns":false,"_monsterinsights_skip_tracking":false,"_monsterinsights_sitenote_active":false,"_monsterinsights_sitenote_note":"","_monsterinsights_sitenote_category":0,"_uf_show_specific_survey":0,"_uf_disable_surveys":false,"footnotes":""},"class_list":["post-491","page","type-page","status-publish","hentry"],"aioseo_notices":[],"_links":{"self":[{"href":"https:\/\/siriuskriminal.com\/en\/wp-json\/wp\/v2\/pages\/491","targetHints":{"allow":["GET"]}}],"collection":[{"href":"https:\/\/siriuskriminal.com\/en\/wp-json\/wp\/v2\/pages"}],"about":[{"href":"https:\/\/siriuskriminal.com\/en\/wp-json\/wp\/v2\/types\/page"}],"author":[{"embeddable":true,"href":"https:\/\/siriuskriminal.com\/en\/wp-json\/wp\/v2\/users\/1"}],"replies":[{"embeddable":true,"href":"https:\/\/siriuskriminal.com\/en\/wp-json\/wp\/v2\/comments?post=491"}],"version-history":[{"count":24,"href":"https:\/\/siriuskriminal.com\/en\/wp-json\/wp\/v2\/pages\/491\/revisions"}],"predecessor-version":[{"id":1256,"href":"https:\/\/siriuskriminal.com\/en\/wp-json\/wp\/v2\/pages\/491\/revisions\/1256"}],"wp:attachment":[{"href":"https:\/\/siriuskriminal.com\/en\/wp-json\/wp\/v2\/media?parent=491"}],"curies":[{"name":"wp","href":"https:\/\/api.w.org\/{rel}","templated":true}]}}