{"id":344,"date":"2021-03-16T20:13:59","date_gmt":"2021-03-16T20:13:59","guid":{"rendered":"https:\/\/siriuskriminal.com\/?page_id=344"},"modified":"2025-10-09T06:34:36","modified_gmt":"2025-10-09T06:34:36","slug":"danismanlik-hizmetlerimiz","status":"publish","type":"page","link":"https:\/\/siriuskriminal.com\/en\/danismanlik-hizmetlerimiz\/","title":{"rendered":"Consultancy and Expertise"},"content":{"rendered":"<p>Services that we are providing with our experts<\/p>\n\n\n\n<figure class=\"wp-block-video\"><video height=\"816\" style=\"aspect-ratio: 1056 \/ 816;\" width=\"1056\" controls src=\"https:\/\/siriuskriminal.com\/wp-content\/uploads\/2024\/12\/sirius-katalog.mp4\"><\/video><\/figure>\n\n\n\n<div class=\"wp-block-group\"><div class=\"wp-block-group__inner-container is-layout-flow wp-block-group-is-layout-flow\">\n<div class=\"wp-block-columns is-layout-flex wp-container-core-columns-is-layout-9d6595d7 wp-block-columns-is-layout-flex\">\n<div class=\"wp-block-column is-layout-flow wp-block-column-is-layout-flow\" style=\"flex-basis:100%\">\n<div class=\"wp-block-group\"><div class=\"wp-block-group__inner-container is-layout-flow wp-block-group-is-layout-flow\">\n<div class=\"wp-block-group\"><div class=\"wp-block-group__inner-container is-layout-flow wp-block-group-is-layout-flow\">\n<div class=\"wp-block-columns is-layout-flex wp-container-core-columns-is-layout-9d6595d7 wp-block-columns-is-layout-flex\">\n<div class=\"wp-block-column is-layout-flow wp-block-column-is-layout-flow\" style=\"flex-basis:100%\">\n<div class=\"wp-block-columns is-layout-flex wp-container-core-columns-is-layout-9d6595d7 wp-block-columns-is-layout-flex\">\n<div class=\"wp-block-column is-layout-flow wp-block-column-is-layout-flow\" style=\"flex-basis:100%\">\n<div class=\"wp-block-group\"><div class=\"wp-block-group__inner-container is-layout-flow wp-block-group-is-layout-flow\">\n<div class=\"wp-block-columns is-layout-flex wp-container-core-columns-is-layout-9d6595d7 wp-block-columns-is-layout-flex\">\n<div class=\"wp-block-column is-layout-flow wp-block-column-is-layout-flow\" style=\"flex-basis:100%\">\n<div class=\"wp-block-group\"><div class=\"wp-block-group__inner-container is-layout-flow wp-block-group-is-layout-flow\">\n<div class=\"wp-block-columns is-layout-flex wp-container-core-columns-is-layout-9d6595d7 wp-block-columns-is-layout-flex\">\n<div class=\"wp-block-column is-layout-flow wp-block-column-is-layout-flow\" style=\"flex-basis:100%\">\n<div class=\"wp-block-columns is-layout-flex wp-container-core-columns-is-layout-9d6595d7 wp-block-columns-is-layout-flex\">\n<div class=\"wp-block-column is-layout-flow wp-block-column-is-layout-flow\" style=\"flex-basis:33.34%\">\n<figure class=\"wp-block-gallery has-nested-images columns-default is-cropped wp-block-gallery-1 is-layout-flex wp-block-gallery-is-layout-flex\">\n<figure class=\"wp-block-image size-full\"><img fetchpriority=\"high\" decoding=\"async\" width=\"300\" height=\"300\" data-id=\"1107\" src=\"https:\/\/siriuskriminal.com\/wp-content\/uploads\/2024\/12\/crime-scene-investigation-at-the-bomb-explosion-1.jpg\" alt=\"\" class=\"wp-image-1107\" srcset=\"https:\/\/siriuskriminal.com\/wp-content\/uploads\/2024\/12\/crime-scene-investigation-at-the-bomb-explosion-1.jpg 300w, https:\/\/siriuskriminal.com\/wp-content\/uploads\/2024\/12\/crime-scene-investigation-at-the-bomb-explosion-1-150x150.jpg 150w, https:\/\/siriuskriminal.com\/wp-content\/uploads\/2024\/12\/crime-scene-investigation-at-the-bomb-explosion-1-12x12.jpg 12w\" sizes=\"(max-width: 300px) 100vw, 300px\" \/><\/figure>\n<\/figure>\n\n\n\n<h5 class=\"wp-block-heading has-text-align-center\">With its team of highly skilled professionals and extensive international experience, Sirius Kriminal delivers comprehensive training programs on explosives and post-blast crime scene investigation at both national and international levels. Upon request, we also provide scientific assessments and technical analysis for incidents involving explosives. In addition, we conduct in-depth research and examinations on fire incidents, offering independent expert opinions on the technical aspects of each case.<\/h5>\n<\/div>\n\n\n\n<div class=\"wp-block-column is-layout-flow wp-block-column-is-layout-flow\" style=\"flex-basis:33.34%\">\n<figure class=\"wp-block-gallery has-nested-images columns-default is-cropped wp-block-gallery-2 is-layout-flex wp-block-gallery-is-layout-flex\">\n<figure class=\"wp-block-image size-full\"><img decoding=\"async\" width=\"300\" height=\"300\" data-id=\"1096\" src=\"https:\/\/siriuskriminal.com\/wp-content\/uploads\/2024\/12\/WhatsApp-Image-2024-12-20-at-12.32.15.jpg\" alt=\"\" class=\"wp-image-1096\" srcset=\"https:\/\/siriuskriminal.com\/wp-content\/uploads\/2024\/12\/WhatsApp-Image-2024-12-20-at-12.32.15.jpg 300w, https:\/\/siriuskriminal.com\/wp-content\/uploads\/2024\/12\/WhatsApp-Image-2024-12-20-at-12.32.15-150x150.jpg 150w, https:\/\/siriuskriminal.com\/wp-content\/uploads\/2024\/12\/WhatsApp-Image-2024-12-20-at-12.32.15-12x12.jpg 12w\" sizes=\"(max-width: 300px) 100vw, 300px\" \/><\/figure>\n<\/figure>\n\n\n\n<h5 class=\"wp-block-heading has-text-align-center\">For submission to judicial authorities, as well as private individuals and legal entities, we prepare technical and scientific committee reports on handwriting and typewriting analysis, signature examination, alteration detection, and document forgery. Our expert team is ready to provide professional support for your report requests.<\/h5>\n<\/div>\n\n\n\n<div class=\"wp-block-column is-layout-flow wp-block-column-is-layout-flow\" style=\"flex-basis:33.33%\">\n<figure class=\"wp-block-gallery has-nested-images columns-default is-cropped wp-block-gallery-3 is-layout-flex wp-block-gallery-is-layout-flex\">\n<figure class=\"wp-block-image size-full\"><img decoding=\"async\" width=\"300\" height=\"300\" data-id=\"1097\" src=\"https:\/\/siriuskriminal.com\/wp-content\/uploads\/2024\/12\/BALISTIK.jpg\" alt=\"\" class=\"wp-image-1097\" srcset=\"https:\/\/siriuskriminal.com\/wp-content\/uploads\/2024\/12\/BALISTIK.jpg 300w, https:\/\/siriuskriminal.com\/wp-content\/uploads\/2024\/12\/BALISTIK-150x150.jpg 150w, https:\/\/siriuskriminal.com\/wp-content\/uploads\/2024\/12\/BALISTIK-12x12.jpg 12w\" sizes=\"(max-width: 300px) 100vw, 300px\" \/><\/figure>\n<\/figure>\n\n\n\n<h5 class=\"wp-block-heading has-text-align-center\">We provide expert opinions for judicial authorities and relevant institutions on internal ballistics, external ballistics, terminal ballistics, and shooting reconstruction, based on detailed analysis.<\/h5>\n<\/div>\n<\/div>\n<\/div>\n<\/div>\n<\/div><\/div>\n\n\n\n<div class=\"wp-block-columns is-layout-flex wp-container-core-columns-is-layout-9d6595d7 wp-block-columns-is-layout-flex\">\n<div class=\"wp-block-column is-layout-flow wp-block-column-is-layout-flow\" style=\"flex-basis:100%\">\n<div class=\"wp-block-columns is-layout-flex wp-container-core-columns-is-layout-9d6595d7 wp-block-columns-is-layout-flex\">\n<div class=\"wp-block-column is-layout-flow wp-block-column-is-layout-flow\" style=\"flex-basis:33.34%\">\n<figure class=\"wp-block-gallery has-nested-images columns-default is-cropped wp-block-gallery-4 is-layout-flex wp-block-gallery-is-layout-flex\">\n<figure class=\"wp-block-image size-full\"><img loading=\"lazy\" decoding=\"async\" width=\"300\" height=\"300\" data-id=\"1098\" src=\"https:\/\/siriuskriminal.com\/wp-content\/uploads\/2024\/12\/women-dead-inside-car-accident1111.jpg\" alt=\"\" class=\"wp-image-1098\" srcset=\"https:\/\/siriuskriminal.com\/wp-content\/uploads\/2024\/12\/women-dead-inside-car-accident1111.jpg 300w, https:\/\/siriuskriminal.com\/wp-content\/uploads\/2024\/12\/women-dead-inside-car-accident1111-150x150.jpg 150w, https:\/\/siriuskriminal.com\/wp-content\/uploads\/2024\/12\/women-dead-inside-car-accident1111-12x12.jpg 12w\" sizes=\"(max-width: 300px) 100vw, 300px\" \/><\/figure>\n<\/figure>\n\n\n\n<h5 class=\"wp-block-heading has-text-align-center\">Sirius Kriminal provides expert opinions on traffic accidents, procedural reviews and appeals for traffic fines, and consultancy and legal support regarding commercial vehicles, UKOME decisions, and the Highways Transportation Law. In addition, in cooperation with our solution partners, we offer actuarial services, consultancy on loss of value and damages arising from traffic accidents, and support in compensation claims related to loss of life and property.<\/h5>\n<\/div>\n\n\n\n<div class=\"wp-block-column is-layout-flow wp-block-column-is-layout-flow\" style=\"flex-basis:33.34%\">\n<figure class=\"wp-block-gallery has-nested-images columns-default is-cropped wp-block-gallery-5 is-layout-flex wp-block-gallery-is-layout-flex\">\n<figure class=\"wp-block-image size-full\"><img loading=\"lazy\" decoding=\"async\" width=\"300\" height=\"300\" data-id=\"1099\" src=\"https:\/\/siriuskriminal.com\/wp-content\/uploads\/2024\/12\/WhatsApp-Image-2023-06-04-at-14.52.50.jpg\" alt=\"\" class=\"wp-image-1099\" srcset=\"https:\/\/siriuskriminal.com\/wp-content\/uploads\/2024\/12\/WhatsApp-Image-2023-06-04-at-14.52.50.jpg 300w, https:\/\/siriuskriminal.com\/wp-content\/uploads\/2024\/12\/WhatsApp-Image-2023-06-04-at-14.52.50-150x150.jpg 150w, https:\/\/siriuskriminal.com\/wp-content\/uploads\/2024\/12\/WhatsApp-Image-2023-06-04-at-14.52.50-12x12.jpg 12w\" sizes=\"(max-width: 300px) 100vw, 300px\" \/><\/figure>\n<\/figure>\n\n\n\n<h5 class=\"wp-block-heading has-text-align-center\">Sirius Kriminal provides technical examinations, expert opinions, and consultancy in digital forensics, data recovery, cybersecurity, and information security. We also offer comprehensive support to organizations for compliance with KVKK and GDPR regulations.<\/h5>\n<\/div>\n\n\n\n<div class=\"wp-block-column is-layout-flow wp-block-column-is-layout-flow\" style=\"flex-basis:33.33%\">\n<figure class=\"wp-block-gallery has-nested-images columns-default is-cropped wp-block-gallery-6 is-layout-flex wp-block-gallery-is-layout-flex\">\n<figure class=\"wp-block-image size-full\"><img loading=\"lazy\" decoding=\"async\" width=\"300\" height=\"300\" data-id=\"1100\" src=\"https:\/\/siriuskriminal.com\/wp-content\/uploads\/2024\/12\/WhatsApp-Image-2023-06-04-at-14.52.55-1.jpg\" alt=\"\" class=\"wp-image-1100\" srcset=\"https:\/\/siriuskriminal.com\/wp-content\/uploads\/2024\/12\/WhatsApp-Image-2023-06-04-at-14.52.55-1.jpg 300w, https:\/\/siriuskriminal.com\/wp-content\/uploads\/2024\/12\/WhatsApp-Image-2023-06-04-at-14.52.55-1-150x150.jpg 150w, https:\/\/siriuskriminal.com\/wp-content\/uploads\/2024\/12\/WhatsApp-Image-2023-06-04-at-14.52.55-1-12x12.jpg 12w\" sizes=\"(max-width: 300px) 100vw, 300px\" \/><\/figure>\n<\/figure>\n\n\n\n<h5 class=\"wp-block-heading has-text-align-center\">With its team of experts, Sirius Kriminal provides consultancy services in the field of Forensic Medicine, offering professional support in the scientific evaluation and reporting of forensic cases.<\/h5>\n<\/div>\n<\/div>\n<\/div>\n<\/div>\n\n\n\n<div class=\"wp-block-columns is-layout-flex wp-container-core-columns-is-layout-9d6595d7 wp-block-columns-is-layout-flex\">\n<div class=\"wp-block-column is-layout-flow wp-block-column-is-layout-flow\" style=\"flex-basis:33.34%\">\n<figure class=\"wp-block-gallery has-nested-images columns-default is-cropped wp-block-gallery-7 is-layout-flex wp-block-gallery-is-layout-flex\">\n<figure class=\"wp-block-image size-full\"><img loading=\"lazy\" decoding=\"async\" width=\"300\" height=\"300\" data-id=\"1101\" src=\"https:\/\/siriuskriminal.com\/wp-content\/uploads\/2024\/12\/Adsiz-tasarim-3.jpg\" alt=\"\" class=\"wp-image-1101\" srcset=\"https:\/\/siriuskriminal.com\/wp-content\/uploads\/2024\/12\/Adsiz-tasarim-3.jpg 300w, https:\/\/siriuskriminal.com\/wp-content\/uploads\/2024\/12\/Adsiz-tasarim-3-150x150.jpg 150w, https:\/\/siriuskriminal.com\/wp-content\/uploads\/2024\/12\/Adsiz-tasarim-3-12x12.jpg 12w\" sizes=\"(max-width: 300px) 100vw, 300px\" \/><\/figure>\n<\/figure>\n\n\n\n<h5 class=\"wp-block-heading has-text-align-center\">With its team of experts, Sirius Kriminal offers enhancement, analysis, and manipulation detection of video, photographic, and audio recordings. In manipulation detection, we examine digital forgery, editing, montage, deepfake technologies, and any other alterations that compromise the visual integrity, using advanced forensic analysis techniques.<br>Using state-of-the-art software, we ensure fast and accurate transcription of audio recordings, and provide scientific expert opinions for use in legal proceedings.<\/h5>\n\n\n\n<p class=\"has-text-align-center\"><\/p>\n<\/div>\n\n\n\n<div class=\"wp-block-column is-layout-flow wp-block-column-is-layout-flow\" style=\"flex-basis:33.34%\">\n<figure class=\"wp-block-gallery has-nested-images columns-default is-cropped wp-block-gallery-8 is-layout-flex wp-block-gallery-is-layout-flex\">\n<figure class=\"wp-block-image size-full\"><img loading=\"lazy\" decoding=\"async\" width=\"294\" height=\"296\" data-id=\"1110\" src=\"https:\/\/siriuskriminal.com\/wp-content\/uploads\/2024\/12\/bocek-arama-1.jpg\" alt=\"\" class=\"wp-image-1110\" srcset=\"https:\/\/siriuskriminal.com\/wp-content\/uploads\/2024\/12\/bocek-arama-1.jpg 294w, https:\/\/siriuskriminal.com\/wp-content\/uploads\/2024\/12\/bocek-arama-1-150x150.jpg 150w, https:\/\/siriuskriminal.com\/wp-content\/uploads\/2024\/12\/bocek-arama-1-12x12.jpg 12w\" sizes=\"(max-width: 294px) 100vw, 294px\" \/><\/figure>\n<\/figure>\n\n\n\n<h5 class=\"wp-block-heading has-text-align-center\">Sirius Kriminal provides radio frequency (RF) detection and bug sweeping (technical surveillance countermeasures) services using advanced equipment<br>, including the Rohde &amp; Schwarz PR200 Spectrum Analyser, WiFi Direction Finder, Passive Scanning \u2013 NLJD (Non-Linear Junction Detector), two handheld thermal cameras, videoscope, and camera lens detection devices. Our professional team is ready to assist you with your detection and scanning requests.<\/h5>\n\n\n\n<p class=\"has-text-align-center\"><\/p>\n\n\n\n<p class=\"has-text-align-center\"><\/p>\n<\/div>\n\n\n\n<div class=\"wp-block-column is-layout-flow wp-block-column-is-layout-flow\" style=\"flex-basis:33.33%\">\n<figure class=\"wp-block-gallery has-nested-images columns-default is-cropped wp-block-gallery-9 is-layout-flex wp-block-gallery-is-layout-flex\">\n<figure class=\"wp-block-image size-full\"><img loading=\"lazy\" decoding=\"async\" width=\"300\" height=\"302\" data-id=\"1103\" src=\"https:\/\/siriuskriminal.com\/wp-content\/uploads\/2024\/12\/WhatsApp-Gorsel-2024-12-20-saat-17.51.55_51acb5e4.jpg\" alt=\"\" class=\"wp-image-1103\" srcset=\"https:\/\/siriuskriminal.com\/wp-content\/uploads\/2024\/12\/WhatsApp-Gorsel-2024-12-20-saat-17.51.55_51acb5e4.jpg 300w, https:\/\/siriuskriminal.com\/wp-content\/uploads\/2024\/12\/WhatsApp-Gorsel-2024-12-20-saat-17.51.55_51acb5e4-298x300.jpg 298w, https:\/\/siriuskriminal.com\/wp-content\/uploads\/2024\/12\/WhatsApp-Gorsel-2024-12-20-saat-17.51.55_51acb5e4-150x150.jpg 150w, https:\/\/siriuskriminal.com\/wp-content\/uploads\/2024\/12\/WhatsApp-Gorsel-2024-12-20-saat-17.51.55_51acb5e4-12x12.jpg 12w\" sizes=\"(max-width: 300px) 100vw, 300px\" \/><\/figure>\n<\/figure>\n\n\n\n<h5 class=\"wp-block-heading has-text-align-center\">Cryptocurrencies have increasingly become a common element in criminal activities, such as theft, ransom demands, or being used as a means of payment in various offenses. Sirius Kriminal provides technical analysis, tracing, and forensic support services in cryptocurrency investigations aimed at identifying offenders and recovering illicit gains.<\/h5>\n<\/div>\n<\/div>\n<\/div>\n<\/div>\n<\/div><\/div>\n<\/div>\n<\/div>\n<\/div>\n<\/div>\n<\/div><\/div>\n<\/div><\/div>\n<\/div>\n<\/div>\n<\/div><\/div>\n\n\n\n<div class=\"wp-block-columns is-layout-flex wp-container-core-columns-is-layout-9d6595d7 wp-block-columns-is-layout-flex\">\n<div class=\"wp-block-column is-layout-flow wp-block-column-is-layout-flow\">\n<figure class=\"wp-block-gallery has-nested-images columns-default is-cropped wp-block-gallery-10 is-layout-flex wp-block-gallery-is-layout-flex\">\n<figure class=\"wp-block-image size-full\"><img loading=\"lazy\" decoding=\"async\" width=\"300\" height=\"300\" data-id=\"1106\" src=\"https:\/\/siriuskriminal.com\/wp-content\/uploads\/2024\/12\/WhatsApp-Image-2023-06-04-at-14.52.50-1.jpg\" alt=\"\" class=\"wp-image-1106\" srcset=\"https:\/\/siriuskriminal.com\/wp-content\/uploads\/2024\/12\/WhatsApp-Image-2023-06-04-at-14.52.50-1.jpg 300w, https:\/\/siriuskriminal.com\/wp-content\/uploads\/2024\/12\/WhatsApp-Image-2023-06-04-at-14.52.50-1-150x150.jpg 150w, https:\/\/siriuskriminal.com\/wp-content\/uploads\/2024\/12\/WhatsApp-Image-2023-06-04-at-14.52.50-1-12x12.jpg 12w\" sizes=\"(max-width: 300px) 100vw, 300px\" \/><\/figure>\n<\/figure>\n\n\n\n<h5 class=\"wp-block-heading has-text-align-center\">Open source intelligence involves the use of publicly available and deep web data to obtain comprehensive information on individuals, companies, institutions, social media accounts, websites, photographs, and similar sources. Sirius Kriminal analyzes data collected from open internet sources and delivers professional reports for forensic, security, and intelligence purposes.<\/h5>\n<\/div>\n\n\n\n<div class=\"wp-block-column is-layout-flow wp-block-column-is-layout-flow\">\n<figure class=\"wp-block-gallery has-nested-images columns-default is-cropped wp-block-gallery-11 is-layout-flex wp-block-gallery-is-layout-flex\">\n<figure class=\"wp-block-image size-full\"><img loading=\"lazy\" decoding=\"async\" width=\"300\" height=\"300\" data-id=\"1104\" src=\"https:\/\/siriuskriminal.com\/wp-content\/uploads\/2024\/12\/Adsiz-tasarim-1.jpg\" alt=\"\" class=\"wp-image-1104\" srcset=\"https:\/\/siriuskriminal.com\/wp-content\/uploads\/2024\/12\/Adsiz-tasarim-1.jpg 300w, https:\/\/siriuskriminal.com\/wp-content\/uploads\/2024\/12\/Adsiz-tasarim-1-150x150.jpg 150w, https:\/\/siriuskriminal.com\/wp-content\/uploads\/2024\/12\/Adsiz-tasarim-1-12x12.jpg 12w\" sizes=\"(max-width: 300px) 100vw, 300px\" \/><\/figure>\n<\/figure>\n\n\n\n<h5 class=\"wp-block-heading has-text-align-center\">Sirius Kriminal specializes in the detection and analysis of synthetic, fabricated, or altered audio, video, image, and text content. Techniques such as deepfake, digital forgery, editing, and content manipulation are examined using advanced forensic analysis methods, and scientific expert opinions are provided for use in legal proceedings.<\/h5>\n<\/div>\n\n\n\n<div class=\"wp-block-column is-layout-flow wp-block-column-is-layout-flow\">\n<figure class=\"wp-block-gallery has-nested-images columns-default is-cropped wp-block-gallery-12 is-layout-flex wp-block-gallery-is-layout-flex\">\n<figure class=\"wp-block-image size-full\"><img loading=\"lazy\" decoding=\"async\" width=\"300\" height=\"300\" data-id=\"1105\" src=\"https:\/\/siriuskriminal.com\/wp-content\/uploads\/2024\/12\/OTOMOTIV-SIBER-GUVENLIK.jpg\" alt=\"\" class=\"wp-image-1105\" srcset=\"https:\/\/siriuskriminal.com\/wp-content\/uploads\/2024\/12\/OTOMOTIV-SIBER-GUVENLIK.jpg 300w, https:\/\/siriuskriminal.com\/wp-content\/uploads\/2024\/12\/OTOMOTIV-SIBER-GUVENLIK-150x150.jpg 150w, https:\/\/siriuskriminal.com\/wp-content\/uploads\/2024\/12\/OTOMOTIV-SIBER-GUVENLIK-12x12.jpg 12w\" sizes=\"(max-width: 300px) 100vw, 300px\" \/><\/figure>\n<\/figure>\n\n\n\n<h5 class=\"wp-block-heading has-text-align-center\">The cyberattack risk for connected, software-driven vehicles is increasing. At Sirius Kriminal, our penetration tests simulate real-world attack scenarios to identify vulnerabilities before exploitation, ensuring passenger safety, data protection, and brand reputation. Our experts deliver detailed technical reports with findings and recommendations.<\/h5>\n\n\n\n<p class=\"has-text-align-center\"><\/p>\n<\/div>\n<\/div>\n\n\n\n<figure class=\"wp-block-image size-large\"><img loading=\"lazy\" decoding=\"async\" width=\"1024\" height=\"701\" src=\"https:\/\/siriuskriminal.com\/wp-content\/uploads\/2025\/10\/1758569634740-1024x701.jpeg\" alt=\"\" class=\"wp-image-1208\" srcset=\"https:\/\/siriuskriminal.com\/wp-content\/uploads\/2025\/10\/1758569634740-1024x701.jpeg 1024w, https:\/\/siriuskriminal.com\/wp-content\/uploads\/2025\/10\/1758569634740-300x205.jpeg 300w, https:\/\/siriuskriminal.com\/wp-content\/uploads\/2025\/10\/1758569634740-768x525.jpeg 768w, https:\/\/siriuskriminal.com\/wp-content\/uploads\/2025\/10\/1758569634740-1536x1051.jpeg 1536w, https:\/\/siriuskriminal.com\/wp-content\/uploads\/2025\/10\/1758569634740-18x12.jpeg 18w, https:\/\/siriuskriminal.com\/wp-content\/uploads\/2025\/10\/1758569634740.jpeg 2048w\" sizes=\"(max-width: 1024px) 100vw, 1024px\" \/><\/figure>\n\n\n\n<p class=\"translation-block\">Sirius Kriminal \u2013 your trusted partner in designing and building world-class forensic laboratories. \n\nWe specialize in the physical planning of laboratories and the development of robust security infrastructures. \n\nOur expertise covers forensic chemistry, biology, toxicology, ballistics, trace analysis, and digital forensics units. \n\nWe provide full equipment procurement, calibration, and seamless integration for all forensic disciplines. \n\nSirius Kriminal establishes ISO\/IEC 17025-compliant quality management systems and delivers capacity-building programs for personnel. \n\nWith modern technologies and international experience, Sirius Kriminal provides reliable, effective, and sustainable solutions for forensic evidence analysis.<\/p>\n\n\n\n<figure class=\"wp-block-video\"><video height=\"720\" style=\"aspect-ratio: 1280 \/ 720;\" width=\"1280\" controls src=\"https:\/\/siriuskriminal.com\/wp-content\/uploads\/2024\/12\/TRAFIK-KAZASI-ANIMASYON-WEBSITESI-ICIN.mp4\"><\/video><\/figure>\n\n\n\n<p><strong>Contact us for 3D (dimensional) traffic accident animation and crime scene reconstruction created with scientific and professional software programs to be given to the judicial authorities.<\/strong><\/p>","protected":false},"excerpt":{"rendered":"<p>Alan\u0131nda uzman personelimiz ile hizmet sa\u011flad\u0131\u011f\u0131m\u0131z alanlar, Sirius Kriminal, alan\u0131nda uzman ve uluslararas\u0131 tecr\u00fcbeye sahip kadrosuyla, ulusal ve uluslararas\u0131 d\u00fczeyde patlay\u0131c\u0131 maddeler ve patlama sonras\u0131 olay yeri inceleme konular\u0131nda kapsaml\u0131 e\u011fitim programlar\u0131 sunmaktad\u0131r. Talep edilmesi halinde, patlay\u0131c\u0131 madde i\u00e7eren olaylara ili\u015fkin bilimsel de\u011ferlendirme ve teknik analiz hizmetleri de sa\u011flanmaktad\u0131r. Ayr\u0131ca, yang\u0131n olaylar\u0131 ile ilgili detayl\u0131 [&hellip;]<\/p>\n","protected":false},"author":1,"featured_media":0,"parent":0,"menu_order":0,"comment_status":"closed","ping_status":"closed","template":"","meta":{"om_disable_all_campaigns":false,"_monsterinsights_skip_tracking":false,"_monsterinsights_sitenote_active":false,"_monsterinsights_sitenote_note":"","_monsterinsights_sitenote_category":0,"_uf_show_specific_survey":0,"_uf_disable_surveys":false,"footnotes":""},"class_list":["post-344","page","type-page","status-publish","hentry"],"aioseo_notices":[],"_links":{"self":[{"href":"https:\/\/siriuskriminal.com\/en\/wp-json\/wp\/v2\/pages\/344","targetHints":{"allow":["GET"]}}],"collection":[{"href":"https:\/\/siriuskriminal.com\/en\/wp-json\/wp\/v2\/pages"}],"about":[{"href":"https:\/\/siriuskriminal.com\/en\/wp-json\/wp\/v2\/types\/page"}],"author":[{"embeddable":true,"href":"https:\/\/siriuskriminal.com\/en\/wp-json\/wp\/v2\/users\/1"}],"replies":[{"embeddable":true,"href":"https:\/\/siriuskriminal.com\/en\/wp-json\/wp\/v2\/comments?post=344"}],"version-history":[{"count":41,"href":"https:\/\/siriuskriminal.com\/en\/wp-json\/wp\/v2\/pages\/344\/revisions"}],"predecessor-version":[{"id":1209,"href":"https:\/\/siriuskriminal.com\/en\/wp-json\/wp\/v2\/pages\/344\/revisions\/1209"}],"wp:attachment":[{"href":"https:\/\/siriuskriminal.com\/en\/wp-json\/wp\/v2\/media?parent=344"}],"curies":[{"name":"wp","href":"https:\/\/api.w.org\/{rel}","templated":true}]}}