{"id":214,"date":"2021-03-11T21:40:33","date_gmt":"2021-03-11T21:40:33","guid":{"rendered":"https:\/\/siriuskriminal.com\/?page_id=214"},"modified":"2026-01-12T07:09:15","modified_gmt":"2026-01-12T07:09:15","slug":"cozum-ortaklarimiz-ve-paydaslarimiz","status":"publish","type":"page","link":"https:\/\/siriuskriminal.com\/en\/cozum-ortaklarimiz-ve-paydaslarimiz\/","title":{"rendered":"Partners"},"content":{"rendered":"<p><strong>Partners<\/strong><\/p>\n\n\n\n<div class=\"wp-block-columns is-layout-flex wp-container-core-columns-is-layout-9d6595d7 wp-block-columns-is-layout-flex\">\n<div class=\"wp-block-column is-layout-flow wp-block-column-is-layout-flow\" style=\"flex-basis:100%\">\n<div class=\"wp-block-columns is-layout-flex wp-container-core-columns-is-layout-9d6595d7 wp-block-columns-is-layout-flex\">\n<div class=\"wp-block-column is-layout-flow wp-block-column-is-layout-flow\"><div class=\"wp-block-image\">\n<figure class=\"aligncenter size-full\"><a href=\"https:\/\/kokvekok.com\/\" target=\"_blank\" rel=\"noreferrer noopener\"><img decoding=\"async\" width=\"286\" height=\"126\" src=\"https:\/\/siriuskriminal.com\/wp-content\/uploads\/2021\/03\/Kok-Kok-Hukuk-Burosu-\u2013-Avukatlik-ve-Hukuki-Danismanlik-Google-Chrome-12.03.2021-00_27_15.png\" alt=\"\" class=\"wp-image-215\"\/><\/a><\/figure>\n<\/div><\/div>\n\n\n\n<div class=\"wp-block-column is-layout-flow wp-block-column-is-layout-flow\"><div class=\"wp-block-image\">\n<figure class=\"aligncenter size-full is-resized\"><img fetchpriority=\"high\" decoding=\"async\" width=\"600\" height=\"244\" src=\"https:\/\/siriuskriminal.com\/wp-content\/uploads\/2021\/08\/mail.png\" alt=\"\" class=\"wp-image-523\" style=\"width:288px;height:117px\" srcset=\"https:\/\/siriuskriminal.com\/wp-content\/uploads\/2021\/08\/mail.png 600w, https:\/\/siriuskriminal.com\/wp-content\/uploads\/2021\/08\/mail-300x122.png 300w, https:\/\/siriuskriminal.com\/wp-content\/uploads\/2021\/08\/mail-16x7.png 16w\" sizes=\"(max-width: 600px) 100vw, 600px\" \/><\/figure>\n<\/div><\/div>\n\n\n\n<div class=\"wp-block-column is-layout-flow wp-block-column-is-layout-flow\"><div class=\"wp-block-image\">\n<figure class=\"aligncenter size-full\"><a href=\"https:\/\/www.kanitmedikolegal.com\/\" target=\"_blank\" rel=\"noreferrer noopener\"><img decoding=\"async\" width=\"300\" height=\"170\" src=\"https:\/\/siriuskriminal.com\/wp-content\/uploads\/2021\/04\/medikolegal-1.png\" alt=\"\" class=\"wp-image-439\" srcset=\"https:\/\/siriuskriminal.com\/wp-content\/uploads\/2021\/04\/medikolegal-1.png 300w, https:\/\/siriuskriminal.com\/wp-content\/uploads\/2021\/04\/medikolegal-1-16x9.png 16w\" sizes=\"(max-width: 300px) 100vw, 300px\" \/><\/a><\/figure>\n<\/div><\/div>\n<\/div>\n\n\n\n<div class=\"wp-block-columns is-layout-flex wp-container-core-columns-is-layout-9d6595d7 wp-block-columns-is-layout-flex\">\n<div class=\"wp-block-column is-layout-flow wp-block-column-is-layout-flow\"><div class=\"wp-block-image\">\n<figure class=\"aligncenter size-full\"><img loading=\"lazy\" decoding=\"async\" width=\"1024\" height=\"608\" src=\"https:\/\/siriuskriminal.com\/wp-content\/uploads\/2021\/04\/huseyin-bey-2.jpeg\" alt=\"\" class=\"wp-image-416\" srcset=\"https:\/\/siriuskriminal.com\/wp-content\/uploads\/2021\/04\/huseyin-bey-2.jpeg 1024w, https:\/\/siriuskriminal.com\/wp-content\/uploads\/2021\/04\/huseyin-bey-2-300x178.jpeg 300w, https:\/\/siriuskriminal.com\/wp-content\/uploads\/2021\/04\/huseyin-bey-2-768x456.jpeg 768w, https:\/\/siriuskriminal.com\/wp-content\/uploads\/2021\/04\/huseyin-bey-2-16x10.jpeg 16w\" sizes=\"(max-width: 1024px) 100vw, 1024px\" \/><\/figure>\n<\/div><\/div>\n\n\n\n<div class=\"wp-block-column is-layout-flow wp-block-column-is-layout-flow\"><div class=\"wp-block-image\">\n<figure class=\"aligncenter size-large\"><img loading=\"lazy\" decoding=\"async\" width=\"1024\" height=\"612\" src=\"https:\/\/siriuskriminal.com\/wp-content\/uploads\/2021\/06\/IMG_2058-1024x612.jpg\" alt=\"\" class=\"wp-image-485\" srcset=\"https:\/\/siriuskriminal.com\/wp-content\/uploads\/2021\/06\/IMG_2058-1024x612.jpg 1024w, https:\/\/siriuskriminal.com\/wp-content\/uploads\/2021\/06\/IMG_2058-300x179.jpg 300w, https:\/\/siriuskriminal.com\/wp-content\/uploads\/2021\/06\/IMG_2058-768x459.jpg 768w, https:\/\/siriuskriminal.com\/wp-content\/uploads\/2021\/06\/IMG_2058-1536x919.jpg 1536w, https:\/\/siriuskriminal.com\/wp-content\/uploads\/2021\/06\/IMG_2058-2048x1225.jpg 2048w, https:\/\/siriuskriminal.com\/wp-content\/uploads\/2021\/06\/IMG_2058-16x10.jpg 16w\" sizes=\"(max-width: 1024px) 100vw, 1024px\" \/><\/figure>\n<\/div><\/div>\n\n\n\n<div class=\"wp-block-column is-layout-flow wp-block-column-is-layout-flow\"><div class=\"wp-block-image\">\n<figure class=\"aligncenter size-medium is-resized\"><a href=\"https:\/\/sketchcop.com\/\" target=\"_blank\" rel=\"noreferrer noopener\"><img loading=\"lazy\" decoding=\"async\" width=\"300\" height=\"280\" src=\"https:\/\/siriuskriminal.com\/wp-content\/uploads\/2021\/09\/NEW-Logo-Prototype_2021_Transsketchcop-300x280.png\" alt=\"\" class=\"wp-image-530\" style=\"width:184px;height:172px\" srcset=\"https:\/\/siriuskriminal.com\/wp-content\/uploads\/2021\/09\/NEW-Logo-Prototype_2021_Transsketchcop-300x280.png 300w, https:\/\/siriuskriminal.com\/wp-content\/uploads\/2021\/09\/NEW-Logo-Prototype_2021_Transsketchcop-1024x957.png 1024w, https:\/\/siriuskriminal.com\/wp-content\/uploads\/2021\/09\/NEW-Logo-Prototype_2021_Transsketchcop-768x718.png 768w, https:\/\/siriuskriminal.com\/wp-content\/uploads\/2021\/09\/NEW-Logo-Prototype_2021_Transsketchcop-13x12.png 13w, https:\/\/siriuskriminal.com\/wp-content\/uploads\/2021\/09\/NEW-Logo-Prototype_2021_Transsketchcop.png 1188w\" sizes=\"(max-width: 300px) 100vw, 300px\" \/><\/a><\/figure>\n<\/div><\/div>\n<\/div>\n\n\n\n<div class=\"wp-block-columns is-layout-flex wp-container-core-columns-is-layout-9d6595d7 wp-block-columns-is-layout-flex\">\n<div class=\"wp-block-column is-layout-flow wp-block-column-is-layout-flow\"><div class=\"wp-block-image\">\n<figure class=\"aligncenter size-full\"><a href=\"https:\/\/www.ikksinstitute.com\/\" target=\"_blank\" rel=\"noreferrer noopener\"><img loading=\"lazy\" decoding=\"async\" width=\"900\" height=\"900\" src=\"https:\/\/siriuskriminal.com\/wp-content\/uploads\/2023\/04\/LOGO-IKKS2-copy.jpg\" alt=\"\" class=\"wp-image-760\" srcset=\"https:\/\/siriuskriminal.com\/wp-content\/uploads\/2023\/04\/LOGO-IKKS2-copy.jpg 900w, https:\/\/siriuskriminal.com\/wp-content\/uploads\/2023\/04\/LOGO-IKKS2-copy-300x300.jpg 300w, https:\/\/siriuskriminal.com\/wp-content\/uploads\/2023\/04\/LOGO-IKKS2-copy-150x150.jpg 150w, https:\/\/siriuskriminal.com\/wp-content\/uploads\/2023\/04\/LOGO-IKKS2-copy-768x768.jpg 768w, https:\/\/siriuskriminal.com\/wp-content\/uploads\/2023\/04\/LOGO-IKKS2-copy-12x12.jpg 12w\" sizes=\"(max-width: 900px) 100vw, 900px\" \/><\/a><\/figure>\n<\/div><\/div>\n\n\n\n<div class=\"wp-block-column is-layout-flow wp-block-column-is-layout-flow\"><div class=\"wp-block-image\">\n<figure class=\"aligncenter size-full\"><img loading=\"lazy\" decoding=\"async\" width=\"1024\" height=\"999\" src=\"https:\/\/siriuskriminal.com\/wp-content\/uploads\/2023\/05\/WhatsApp-Image-2023-05-09-at-12.55.03.jpeg\" alt=\"\" class=\"wp-image-781\" srcset=\"https:\/\/siriuskriminal.com\/wp-content\/uploads\/2023\/05\/WhatsApp-Image-2023-05-09-at-12.55.03.jpeg 1024w, https:\/\/siriuskriminal.com\/wp-content\/uploads\/2023\/05\/WhatsApp-Image-2023-05-09-at-12.55.03-300x293.jpeg 300w, https:\/\/siriuskriminal.com\/wp-content\/uploads\/2023\/05\/WhatsApp-Image-2023-05-09-at-12.55.03-768x749.jpeg 768w, https:\/\/siriuskriminal.com\/wp-content\/uploads\/2023\/05\/WhatsApp-Image-2023-05-09-at-12.55.03-12x12.jpeg 12w\" sizes=\"(max-width: 1024px) 100vw, 1024px\" \/><\/figure>\n<\/div><\/div>\n\n\n\n<div class=\"wp-block-column is-layout-flow wp-block-column-is-layout-flow\">\n<figure class=\"wp-block-image size-large\"><a href=\"https:\/\/htcrimes.com\/\" target=\"_blank\" rel=\"noreferrer noopener\"><img loading=\"lazy\" decoding=\"async\" width=\"1024\" height=\"1024\" src=\"https:\/\/siriuskriminal.com\/wp-content\/uploads\/2023\/06\/WhatsApp-Image-2023-06-09-at-10.32.03-1024x1024.jpeg\" alt=\"\" class=\"wp-image-830\" srcset=\"https:\/\/siriuskriminal.com\/wp-content\/uploads\/2023\/06\/WhatsApp-Image-2023-06-09-at-10.32.03-1024x1024.jpeg 1024w, https:\/\/siriuskriminal.com\/wp-content\/uploads\/2023\/06\/WhatsApp-Image-2023-06-09-at-10.32.03-300x300.jpeg 300w, https:\/\/siriuskriminal.com\/wp-content\/uploads\/2023\/06\/WhatsApp-Image-2023-06-09-at-10.32.03-150x150.jpeg 150w, https:\/\/siriuskriminal.com\/wp-content\/uploads\/2023\/06\/WhatsApp-Image-2023-06-09-at-10.32.03-768x768.jpeg 768w, https:\/\/siriuskriminal.com\/wp-content\/uploads\/2023\/06\/WhatsApp-Image-2023-06-09-at-10.32.03-1536x1536.jpeg 1536w, https:\/\/siriuskriminal.com\/wp-content\/uploads\/2023\/06\/WhatsApp-Image-2023-06-09-at-10.32.03-12x12.jpeg 12w, https:\/\/siriuskriminal.com\/wp-content\/uploads\/2023\/06\/WhatsApp-Image-2023-06-09-at-10.32.03.jpeg 1600w\" sizes=\"(max-width: 1024px) 100vw, 1024px\" \/><\/a><\/figure>\n<\/div>\n<\/div>\n<\/div>\n<\/div>\n\n\n\n<div class=\"wp-block-columns is-layout-flex wp-container-core-columns-is-layout-9d6595d7 wp-block-columns-is-layout-flex\">\n<div class=\"wp-block-column is-layout-flow wp-block-column-is-layout-flow\"><div class=\"wp-block-image\">\n<figure class=\"aligncenter size-full is-resized\"><a href=\"https:\/\/aktueryafaaliyetleri.com\/\"><img loading=\"lazy\" decoding=\"async\" width=\"640\" height=\"641\" src=\"https:\/\/siriuskriminal.com\/wp-content\/uploads\/2023\/10\/WhatsApp-Image-2023-10-06-at-17.07.52.jpeg\" alt=\"\" class=\"wp-image-851\" style=\"aspect-ratio:1;width:216px;height:auto\" srcset=\"https:\/\/siriuskriminal.com\/wp-content\/uploads\/2023\/10\/WhatsApp-Image-2023-10-06-at-17.07.52.jpeg 640w, https:\/\/siriuskriminal.com\/wp-content\/uploads\/2023\/10\/WhatsApp-Image-2023-10-06-at-17.07.52-300x300.jpeg 300w, https:\/\/siriuskriminal.com\/wp-content\/uploads\/2023\/10\/WhatsApp-Image-2023-10-06-at-17.07.52-150x150.jpeg 150w, https:\/\/siriuskriminal.com\/wp-content\/uploads\/2023\/10\/WhatsApp-Image-2023-10-06-at-17.07.52-12x12.jpeg 12w\" sizes=\"(max-width: 640px) 100vw, 640px\" \/><\/a><\/figure>\n<\/div><\/div>\n\n\n\n<div class=\"wp-block-column is-layout-flow wp-block-column-is-layout-flow\">\n<figure class=\"wp-block-gallery has-nested-images columns-default is-cropped wp-block-gallery-1 is-layout-flex wp-block-gallery-is-layout-flex\">\n<figure class=\"wp-block-image size-full\"><a href=\"https:\/\/432cg.com\/\"><img loading=\"lazy\" decoding=\"async\" width=\"843\" height=\"625\" data-id=\"1125\" src=\"https:\/\/siriuskriminal.com\/wp-content\/uploads\/2025\/01\/WhatsApp-Image-2025-01-07-at-19.16.06.jpeg\" alt=\"\" class=\"wp-image-1125\" srcset=\"https:\/\/siriuskriminal.com\/wp-content\/uploads\/2025\/01\/WhatsApp-Image-2025-01-07-at-19.16.06.jpeg 843w, https:\/\/siriuskriminal.com\/wp-content\/uploads\/2025\/01\/WhatsApp-Image-2025-01-07-at-19.16.06-300x222.jpeg 300w, https:\/\/siriuskriminal.com\/wp-content\/uploads\/2025\/01\/WhatsApp-Image-2025-01-07-at-19.16.06-768x569.jpeg 768w, https:\/\/siriuskriminal.com\/wp-content\/uploads\/2025\/01\/WhatsApp-Image-2025-01-07-at-19.16.06-16x12.jpeg 16w\" sizes=\"(max-width: 843px) 100vw, 843px\" \/><\/a><\/figure>\n<\/figure>\n<\/div>\n\n\n\n<div class=\"wp-block-column is-layout-flow wp-block-column-is-layout-flow\">\n<figure class=\"wp-block-gallery has-nested-images columns-default is-cropped wp-block-gallery-2 is-layout-flex wp-block-gallery-is-layout-flex\">\n<figure class=\"wp-block-image size-large\"><a href=\"https:\/\/www.dset.com.tr\/\"><img loading=\"lazy\" decoding=\"async\" width=\"612\" height=\"456\" data-id=\"860\" src=\"https:\/\/siriuskriminal.com\/wp-content\/uploads\/2023\/10\/Afis-Google-Chrome-12.10.2023-09_03_44.png\" alt=\"\" class=\"wp-image-860\" srcset=\"https:\/\/siriuskriminal.com\/wp-content\/uploads\/2023\/10\/Afis-Google-Chrome-12.10.2023-09_03_44.png 612w, https:\/\/siriuskriminal.com\/wp-content\/uploads\/2023\/10\/Afis-Google-Chrome-12.10.2023-09_03_44-300x224.png 300w, https:\/\/siriuskriminal.com\/wp-content\/uploads\/2023\/10\/Afis-Google-Chrome-12.10.2023-09_03_44-16x12.png 16w\" sizes=\"(max-width: 612px) 100vw, 612px\" \/><\/a><\/figure>\n<\/figure>\n<\/div>\n<\/div>\n\n\n\n<div class=\"wp-block-group\"><div class=\"wp-block-group__inner-container is-layout-constrained wp-block-group-is-layout-constrained\">\n<div class=\"wp-block-columns is-layout-flex wp-container-core-columns-is-layout-9d6595d7 wp-block-columns-is-layout-flex\">\n<div class=\"wp-block-column is-layout-flow wp-block-column-is-layout-flow\" style=\"flex-basis:100%\">\n<figure class=\"wp-block-image size-large\"><a href=\"https:\/\/www.celikhukuklaw.av.tr\/\"><img loading=\"lazy\" decoding=\"async\" width=\"1024\" height=\"355\" src=\"https:\/\/siriuskriminal.com\/wp-content\/uploads\/2024\/06\/WhatsApp-Image-2024-06-10-at-10.15.09-1024x355.jpeg\" alt=\"\" class=\"wp-image-1012\" srcset=\"https:\/\/siriuskriminal.com\/wp-content\/uploads\/2024\/06\/WhatsApp-Image-2024-06-10-at-10.15.09-1024x355.jpeg 1024w, https:\/\/siriuskriminal.com\/wp-content\/uploads\/2024\/06\/WhatsApp-Image-2024-06-10-at-10.15.09-300x104.jpeg 300w, https:\/\/siriuskriminal.com\/wp-content\/uploads\/2024\/06\/WhatsApp-Image-2024-06-10-at-10.15.09-768x266.jpeg 768w, https:\/\/siriuskriminal.com\/wp-content\/uploads\/2024\/06\/WhatsApp-Image-2024-06-10-at-10.15.09-1536x533.jpeg 1536w, https:\/\/siriuskriminal.com\/wp-content\/uploads\/2024\/06\/WhatsApp-Image-2024-06-10-at-10.15.09-18x6.jpeg 18w, https:\/\/siriuskriminal.com\/wp-content\/uploads\/2024\/06\/WhatsApp-Image-2024-06-10-at-10.15.09.jpeg 1600w\" sizes=\"(max-width: 1024px) 100vw, 1024px\" \/><\/a><\/figure>\n<\/div>\n<\/div>\n<\/div><\/div>\n\n\n\n<figure class=\"wp-block-image size-large\"><a href=\"https:\/\/www.kazakusur.com\/\"><img loading=\"lazy\" decoding=\"async\" width=\"1024\" height=\"331\" src=\"https:\/\/siriuskriminal.com\/wp-content\/uploads\/2025\/11\/logo-yapistirma-son-1024x331.jpeg\" alt=\"\" class=\"wp-image-1215\" srcset=\"https:\/\/siriuskriminal.com\/wp-content\/uploads\/2025\/11\/logo-yapistirma-son-1024x331.jpeg 1024w, https:\/\/siriuskriminal.com\/wp-content\/uploads\/2025\/11\/logo-yapistirma-son-300x97.jpeg 300w, https:\/\/siriuskriminal.com\/wp-content\/uploads\/2025\/11\/logo-yapistirma-son-768x248.jpeg 768w, https:\/\/siriuskriminal.com\/wp-content\/uploads\/2025\/11\/logo-yapistirma-son-1536x496.jpeg 1536w, https:\/\/siriuskriminal.com\/wp-content\/uploads\/2025\/11\/logo-yapistirma-son-18x6.jpeg 18w, https:\/\/siriuskriminal.com\/wp-content\/uploads\/2025\/11\/logo-yapistirma-son.jpeg 1600w\" sizes=\"(max-width: 1024px) 100vw, 1024px\" \/><\/a><\/figure>\n\n\n\n<div class=\"wp-block-columns is-layout-flex wp-container-core-columns-is-layout-9d6595d7 wp-block-columns-is-layout-flex\">\n<div class=\"wp-block-column is-layout-flow wp-block-column-is-layout-flow\">\n<figure class=\"wp-block-image size-full is-resized\"><a href=\"https:\/\/www.derestech.com\/\"><img loading=\"lazy\" decoding=\"async\" width=\"200\" height=\"200\" src=\"https:\/\/siriuskriminal.com\/wp-content\/uploads\/2025\/01\/WhatsApp-Image-2025-01-08-at-09.55.24.jpeg\" alt=\"\" class=\"wp-image-1130\" style=\"width:256px;height:auto\" srcset=\"https:\/\/siriuskriminal.com\/wp-content\/uploads\/2025\/01\/WhatsApp-Image-2025-01-08-at-09.55.24.jpeg 200w, https:\/\/siriuskriminal.com\/wp-content\/uploads\/2025\/01\/WhatsApp-Image-2025-01-08-at-09.55.24-150x150.jpeg 150w, https:\/\/siriuskriminal.com\/wp-content\/uploads\/2025\/01\/WhatsApp-Image-2025-01-08-at-09.55.24-12x12.jpeg 12w\" sizes=\"(max-width: 200px) 100vw, 200px\" \/><\/a><\/figure>\n<\/div>\n\n\n\n<div class=\"wp-block-column is-layout-flow wp-block-column-is-layout-flow\">\n<figure class=\"wp-block-image size-full\"><img loading=\"lazy\" decoding=\"async\" width=\"1260\" height=\"912\" src=\"https:\/\/siriuskriminal.com\/wp-content\/uploads\/2025\/11\/\u041b\u043e\u0433\u043e-\u0410\u041d\u0421\u042d-1.png\" alt=\"\" class=\"wp-image-1243\" srcset=\"https:\/\/siriuskriminal.com\/wp-content\/uploads\/2025\/11\/\u041b\u043e\u0433\u043e-\u0410\u041d\u0421\u042d-1.png 1260w, https:\/\/siriuskriminal.com\/wp-content\/uploads\/2025\/11\/\u041b\u043e\u0433\u043e-\u0410\u041d\u0421\u042d-1-300x217.png 300w\" sizes=\"(max-width: 1260px) 100vw, 1260px\" \/><\/figure>\n<\/div>\n\n\n\n<div class=\"wp-block-column is-layout-flow wp-block-column-is-layout-flow\">\n<figure class=\"wp-block-image size-full\"><img loading=\"lazy\" decoding=\"async\" width=\"250\" height=\"250\" src=\"https:\/\/siriuskriminal.com\/wp-content\/uploads\/2025\/11\/WhatsApp-Image-2025-11-28-at-09.21.16.jpeg\" alt=\"\" class=\"wp-image-1247\" srcset=\"https:\/\/siriuskriminal.com\/wp-content\/uploads\/2025\/11\/WhatsApp-Image-2025-11-28-at-09.21.16.jpeg 250w, https:\/\/siriuskriminal.com\/wp-content\/uploads\/2025\/11\/WhatsApp-Image-2025-11-28-at-09.21.16-150x150.jpeg 150w, https:\/\/siriuskriminal.com\/wp-content\/uploads\/2025\/11\/WhatsApp-Image-2025-11-28-at-09.21.16-12x12.jpeg 12w\" sizes=\"(max-width: 250px) 100vw, 250px\" \/><\/figure>\n<\/div>\n<\/div>\n\n\n\n<div class=\"wp-block-columns is-layout-flex wp-container-core-columns-is-layout-9d6595d7 wp-block-columns-is-layout-flex\">\n<div class=\"wp-block-column is-layout-flow wp-block-column-is-layout-flow\">\n<figure class=\"wp-block-image size-full\"><a href=\"https:\/\/www.ozcanceylanacademy.com\/\"><img loading=\"lazy\" decoding=\"async\" width=\"736\" height=\"487\" src=\"https:\/\/siriuskriminal.com\/wp-content\/uploads\/2026\/01\/WhatsApp-Image-2026-01-05-at-10.36.38-2.jpeg\" alt=\"\" class=\"wp-image-1272\" srcset=\"https:\/\/siriuskriminal.com\/wp-content\/uploads\/2026\/01\/WhatsApp-Image-2026-01-05-at-10.36.38-2.jpeg 736w, https:\/\/siriuskriminal.com\/wp-content\/uploads\/2026\/01\/WhatsApp-Image-2026-01-05-at-10.36.38-2-300x199.jpeg 300w, https:\/\/siriuskriminal.com\/wp-content\/uploads\/2026\/01\/WhatsApp-Image-2026-01-05-at-10.36.38-2-18x12.jpeg 18w\" sizes=\"(max-width: 736px) 100vw, 736px\" \/><\/a><\/figure>\n<\/div>\n\n\n\n<div class=\"wp-block-column is-layout-flow wp-block-column-is-layout-flow\">\n<figure class=\"wp-block-image size-large\"><a href=\"https:\/\/acarlihukuk.com\/\"><img loading=\"lazy\" decoding=\"async\" width=\"1024\" height=\"635\" src=\"https:\/\/siriuskriminal.com\/wp-content\/uploads\/2026\/01\/WhatsApp-Image-2026-01-12-at-09.37.43-1024x635.jpeg\" alt=\"\" class=\"wp-image-1273\" srcset=\"https:\/\/siriuskriminal.com\/wp-content\/uploads\/2026\/01\/WhatsApp-Image-2026-01-12-at-09.37.43-1024x635.jpeg 1024w, https:\/\/siriuskriminal.com\/wp-content\/uploads\/2026\/01\/WhatsApp-Image-2026-01-12-at-09.37.43-300x186.jpeg 300w, https:\/\/siriuskriminal.com\/wp-content\/uploads\/2026\/01\/WhatsApp-Image-2026-01-12-at-09.37.43-768x476.jpeg 768w, https:\/\/siriuskriminal.com\/wp-content\/uploads\/2026\/01\/WhatsApp-Image-2026-01-12-at-09.37.43-1536x952.jpeg 1536w, https:\/\/siriuskriminal.com\/wp-content\/uploads\/2026\/01\/WhatsApp-Image-2026-01-12-at-09.37.43-18x12.jpeg 18w, https:\/\/siriuskriminal.com\/wp-content\/uploads\/2026\/01\/WhatsApp-Image-2026-01-12-at-09.37.43.jpeg 1587w\" sizes=\"(max-width: 1024px) 100vw, 1024px\" \/><\/a><\/figure>\n<\/div>\n\n\n\n<div class=\"wp-block-column is-layout-flow wp-block-column-is-layout-flow\"><\/div>\n<\/div>\n\n\n\n<p><strong>\u00c7\u00f6z\u00fcm Ortaklar\u0131m\u0131z ve Bayiliklerimiz<\/strong><\/p>\n\n\n\n<div class=\"wp-block-columns is-layout-flex wp-container-core-columns-is-layout-9d6595d7 wp-block-columns-is-layout-flex\">\n<div class=\"wp-block-column is-layout-flow wp-block-column-is-layout-flow\">\n<figure class=\"wp-block-gallery has-nested-images columns-default is-cropped wp-block-gallery-3 is-layout-flex wp-block-gallery-is-layout-flex\">\n<figure class=\"wp-block-image size-large\"><a href=\"https:\/\/www.systoolsgroup.com\/\"><img loading=\"lazy\" decoding=\"async\" width=\"500\" height=\"500\" data-id=\"876\" src=\"https:\/\/siriuskriminal.com\/wp-content\/uploads\/2023\/10\/systools-sql-backup-recovery-500x500-1.webp\" alt=\"\" class=\"wp-image-876\" srcset=\"https:\/\/siriuskriminal.com\/wp-content\/uploads\/2023\/10\/systools-sql-backup-recovery-500x500-1.webp 500w, https:\/\/siriuskriminal.com\/wp-content\/uploads\/2023\/10\/systools-sql-backup-recovery-500x500-1-300x300.webp 300w, https:\/\/siriuskriminal.com\/wp-content\/uploads\/2023\/10\/systools-sql-backup-recovery-500x500-1-150x150.webp 150w, https:\/\/siriuskriminal.com\/wp-content\/uploads\/2023\/10\/systools-sql-backup-recovery-500x500-1-12x12.webp 12w\" sizes=\"(max-width: 500px) 100vw, 500px\" \/><\/a><figcaption class=\"wp-element-caption\">Systool <\/figcaption><\/figure>\n<\/figure>\n<\/div>\n\n\n\n<div class=\"wp-block-column is-vertically-aligned-center is-layout-flow wp-block-column-is-layout-flow\">\n<figure class=\"wp-block-gallery has-nested-images columns-default is-cropped wp-block-gallery-4 is-layout-flex wp-block-gallery-is-layout-flex\">\n<figure class=\"wp-block-image size-large\"><a href=\"https:\/\/dfendtech.com\/\"><img loading=\"lazy\" decoding=\"async\" width=\"641\" height=\"377\" data-id=\"888\" src=\"https:\/\/siriuskriminal.com\/wp-content\/uploads\/2023\/10\/Mail-Giris-Uzman-Posta-Servislerinde-Oturum-Acin-Uzman-Posta-Google-Chrome-19.10.2023-08_17_01-1.png\" alt=\"\" class=\"wp-image-888\" srcset=\"https:\/\/siriuskriminal.com\/wp-content\/uploads\/2023\/10\/Mail-Giris-Uzman-Posta-Servislerinde-Oturum-Acin-Uzman-Posta-Google-Chrome-19.10.2023-08_17_01-1.png 641w, https:\/\/siriuskriminal.com\/wp-content\/uploads\/2023\/10\/Mail-Giris-Uzman-Posta-Servislerinde-Oturum-Acin-Uzman-Posta-Google-Chrome-19.10.2023-08_17_01-1-300x176.png 300w, https:\/\/siriuskriminal.com\/wp-content\/uploads\/2023\/10\/Mail-Giris-Uzman-Posta-Servislerinde-Oturum-Acin-Uzman-Posta-Google-Chrome-19.10.2023-08_17_01-1-18x12.png 18w\" sizes=\"(max-width: 641px) 100vw, 641px\" \/><\/a><figcaption class=\"wp-element-caption\">Dfend <\/figcaption><\/figure>\n<\/figure>\n<\/div>\n\n\n\n<div class=\"wp-block-column is-layout-flow wp-block-column-is-layout-flow\">\n<figure class=\"wp-block-image size-large is-resized\"><a href=\"https:\/\/www.hongan-csi.com\/\"><img loading=\"lazy\" decoding=\"async\" width=\"745\" height=\"1024\" src=\"https:\/\/siriuskriminal.com\/wp-content\/uploads\/2025\/05\/HONGAN-logo-1-745x1024.jpg\" alt=\"\" class=\"wp-image-1174\" style=\"width:148px;height:auto\" srcset=\"https:\/\/siriuskriminal.com\/wp-content\/uploads\/2025\/05\/HONGAN-logo-1-745x1024.jpg 745w, https:\/\/siriuskriminal.com\/wp-content\/uploads\/2025\/05\/HONGAN-logo-1-218x300.jpg 218w, https:\/\/siriuskriminal.com\/wp-content\/uploads\/2025\/05\/HONGAN-logo-1-768x1056.jpg 768w, https:\/\/siriuskriminal.com\/wp-content\/uploads\/2025\/05\/HONGAN-logo-1-1117x1536.jpg 1117w, https:\/\/siriuskriminal.com\/wp-content\/uploads\/2025\/05\/HONGAN-logo-1-1490x2048.jpg 1490w, https:\/\/siriuskriminal.com\/wp-content\/uploads\/2025\/05\/HONGAN-logo-1-9x12.jpg 9w, https:\/\/siriuskriminal.com\/wp-content\/uploads\/2025\/05\/HONGAN-logo-1-scaled.jpg 1862w\" sizes=\"(max-width: 745px) 100vw, 745px\" \/><\/a><\/figure>\n<\/div>\n\n\n\n<div class=\"wp-block-column is-layout-flow wp-block-column-is-layout-flow\"><\/div>\n<\/div>\n\n\n\n<div class=\"wp-block-columns is-layout-flex wp-container-core-columns-is-layout-9d6595d7 wp-block-columns-is-layout-flex\"><\/div>","protected":false},"excerpt":{"rendered":"<p>\u00c7\u00f6z\u00fcm Ortaklar\u0131m\u0131z ve Payda\u015flar\u0131m\u0131z \u00c7\u00f6z\u00fcm Ortaklar\u0131m\u0131z ve Bayiliklerimiz<\/p>","protected":false},"author":1,"featured_media":0,"parent":0,"menu_order":0,"comment_status":"closed","ping_status":"closed","template":"","meta":{"om_disable_all_campaigns":false,"_monsterinsights_skip_tracking":false,"_monsterinsights_sitenote_active":false,"_monsterinsights_sitenote_note":"","_monsterinsights_sitenote_category":0,"_uf_show_specific_survey":0,"_uf_disable_surveys":false,"footnotes":""},"class_list":["post-214","page","type-page","status-publish","hentry"],"aioseo_notices":[],"_links":{"self":[{"href":"https:\/\/siriuskriminal.com\/en\/wp-json\/wp\/v2\/pages\/214","targetHints":{"allow":["GET"]}}],"collection":[{"href":"https:\/\/siriuskriminal.com\/en\/wp-json\/wp\/v2\/pages"}],"about":[{"href":"https:\/\/siriuskriminal.com\/en\/wp-json\/wp\/v2\/types\/page"}],"author":[{"embeddable":true,"href":"https:\/\/siriuskriminal.com\/en\/wp-json\/wp\/v2\/users\/1"}],"replies":[{"embeddable":true,"href":"https:\/\/siriuskriminal.com\/en\/wp-json\/wp\/v2\/comments?post=214"}],"version-history":[{"count":81,"href":"https:\/\/siriuskriminal.com\/en\/wp-json\/wp\/v2\/pages\/214\/revisions"}],"predecessor-version":[{"id":1274,"href":"https:\/\/siriuskriminal.com\/en\/wp-json\/wp\/v2\/pages\/214\/revisions\/1274"}],"wp:attachment":[{"href":"https:\/\/siriuskriminal.com\/en\/wp-json\/wp\/v2\/media?parent=214"}],"curies":[{"name":"wp","href":"https:\/\/api.w.org\/{rel}","templated":true}]}}