{"id":122,"date":"2021-03-08T20:54:51","date_gmt":"2021-03-08T20:54:51","guid":{"rendered":"http:\/\/siriuskriminal.com\/?page_id=122"},"modified":"2023-06-06T05:45:06","modified_gmt":"2023-06-06T05:45:06","slug":"trafik","status":"publish","type":"page","link":"https:\/\/siriuskriminal.com\/en\/trafik\/","title":{"rendered":"Traffic and Forensic Traffic"},"content":{"rendered":"<h2 class=\"wp-block-heading\">For expert opinions on traffic accidents, procedural review and appeals regarding traffic fines, consultancy and legal support related to commercial vehicles, UKOME (Transportation Coordination Center) decisions, and the Highway Transportation Law, please contact us. <\/h2>\n\n\n\n<h2 class=\"wp-block-heading\">We also offer services in traffic analysis and engineering in cooperation with our solution partners.<\/h2>\n\n\n\n<div class=\"wp-block-columns is-layout-flex wp-container-core-columns-is-layout-9d6595d7 wp-block-columns-is-layout-flex\">\n<div class=\"wp-block-column is-layout-flow wp-block-column-is-layout-flow\"><div class=\"wp-block-image\">\n<figure class=\"aligncenter size-medium\"><img fetchpriority=\"high\" decoding=\"async\" width=\"200\" height=\"300\" src=\"https:\/\/siriuskriminal.com\/wp-content\/uploads\/2023\/06\/WhatsApp-Image-2023-06-04-at-14.52.52-1-200x300.jpeg\" alt=\"\" class=\"wp-image-815\" srcset=\"https:\/\/siriuskriminal.com\/wp-content\/uploads\/2023\/06\/WhatsApp-Image-2023-06-04-at-14.52.52-1-200x300.jpeg 200w, https:\/\/siriuskriminal.com\/wp-content\/uploads\/2023\/06\/WhatsApp-Image-2023-06-04-at-14.52.52-1-683x1024.jpeg 683w, https:\/\/siriuskriminal.com\/wp-content\/uploads\/2023\/06\/WhatsApp-Image-2023-06-04-at-14.52.52-1-768x1152.jpeg 768w, https:\/\/siriuskriminal.com\/wp-content\/uploads\/2023\/06\/WhatsApp-Image-2023-06-04-at-14.52.52-1-1024x1536.jpeg 1024w, https:\/\/siriuskriminal.com\/wp-content\/uploads\/2023\/06\/WhatsApp-Image-2023-06-04-at-14.52.52-1-8x12.jpeg 8w, https:\/\/siriuskriminal.com\/wp-content\/uploads\/2023\/06\/WhatsApp-Image-2023-06-04-at-14.52.52-1.jpeg 1365w\" sizes=\"(max-width: 200px) 100vw, 200px\" \/><\/figure>\n<\/div><\/div>\n\n\n\n<div class=\"wp-block-column is-layout-flow wp-block-column-is-layout-flow\"><div class=\"wp-block-image\">\n<figure class=\"aligncenter size-medium\"><img decoding=\"async\" width=\"300\" height=\"300\" src=\"https:\/\/siriuskriminal.com\/wp-content\/uploads\/2023\/06\/WhatsApp-Image-2023-06-04-at-14.52.53-1-300x300.jpeg\" alt=\"\" class=\"wp-image-817\" srcset=\"https:\/\/siriuskriminal.com\/wp-content\/uploads\/2023\/06\/WhatsApp-Image-2023-06-04-at-14.52.53-1-300x300.jpeg 300w, https:\/\/siriuskriminal.com\/wp-content\/uploads\/2023\/06\/WhatsApp-Image-2023-06-04-at-14.52.53-1-1024x1024.jpeg 1024w, https:\/\/siriuskriminal.com\/wp-content\/uploads\/2023\/06\/WhatsApp-Image-2023-06-04-at-14.52.53-1-150x150.jpeg 150w, https:\/\/siriuskriminal.com\/wp-content\/uploads\/2023\/06\/WhatsApp-Image-2023-06-04-at-14.52.53-1-768x768.jpeg 768w, https:\/\/siriuskriminal.com\/wp-content\/uploads\/2023\/06\/WhatsApp-Image-2023-06-04-at-14.52.53-1-1536x1536.jpeg 1536w, https:\/\/siriuskriminal.com\/wp-content\/uploads\/2023\/06\/WhatsApp-Image-2023-06-04-at-14.52.53-1.jpeg 2048w, https:\/\/siriuskriminal.com\/wp-content\/uploads\/2023\/06\/WhatsApp-Image-2023-06-04-at-14.52.53-1-12x12.jpeg 12w\" sizes=\"(max-width: 300px) 100vw, 300px\" \/><\/figure>\n<\/div><\/div>\n\n\n\n<div class=\"wp-block-column is-layout-flow wp-block-column-is-layout-flow\"><div class=\"wp-block-image\">\n<figure class=\"aligncenter size-medium\"><img decoding=\"async\" width=\"200\" height=\"300\" src=\"https:\/\/siriuskriminal.com\/wp-content\/uploads\/2023\/06\/WhatsApp-Image-2023-06-04-at-14.52.53-200x300.jpeg\" alt=\"\" class=\"wp-image-818\" srcset=\"https:\/\/siriuskriminal.com\/wp-content\/uploads\/2023\/06\/WhatsApp-Image-2023-06-04-at-14.52.53-200x300.jpeg 200w, https:\/\/siriuskriminal.com\/wp-content\/uploads\/2023\/06\/WhatsApp-Image-2023-06-04-at-14.52.53-683x1024.jpeg 683w, https:\/\/siriuskriminal.com\/wp-content\/uploads\/2023\/06\/WhatsApp-Image-2023-06-04-at-14.52.53-768x1152.jpeg 768w, https:\/\/siriuskriminal.com\/wp-content\/uploads\/2023\/06\/WhatsApp-Image-2023-06-04-at-14.52.53-1024x1536.jpeg 1024w, https:\/\/siriuskriminal.com\/wp-content\/uploads\/2023\/06\/WhatsApp-Image-2023-06-04-at-14.52.53-8x12.jpeg 8w, https:\/\/siriuskriminal.com\/wp-content\/uploads\/2023\/06\/WhatsApp-Image-2023-06-04-at-14.52.53.jpeg 1365w\" sizes=\"(max-width: 200px) 100vw, 200px\" \/><\/figure>\n<\/div><\/div>\n<\/div>","protected":false},"excerpt":{"rendered":"<p>Trafik kazalar\u0131yla ilgili uzman g\u00f6r\u00fc\u015f\u00fc, Trafik Cezalar\u0131 usul incelemesi ve itiraz, ticari ara\u00e7lar, UKOME kararlar\u0131 ve Karayollar\u0131 Ta\u015f\u0131ma Kanunu ile ilgili dan\u0131\u015fmanl\u0131k ve hukuki destek i\u00e7in bize ula\u015f\u0131n. Ayr\u0131ca trafik analizi ve m\u00fchendisli\u011fi konular\u0131nda \u00e7\u00f6z\u00fcm ortaklar\u0131m\u0131zla birlikte hizmetler sunmaktay\u0131z.<\/p>","protected":false},"author":1,"featured_media":0,"parent":0,"menu_order":0,"comment_status":"closed","ping_status":"closed","template":"","meta":{"om_disable_all_campaigns":false,"_monsterinsights_skip_tracking":false,"_monsterinsights_sitenote_active":false,"_monsterinsights_sitenote_note":"","_monsterinsights_sitenote_category":0,"_uf_show_specific_survey":0,"_uf_disable_surveys":false,"footnotes":""},"class_list":["post-122","page","type-page","status-publish","hentry"],"aioseo_notices":[],"_links":{"self":[{"href":"https:\/\/siriuskriminal.com\/en\/wp-json\/wp\/v2\/pages\/122","targetHints":{"allow":["GET"]}}],"collection":[{"href":"https:\/\/siriuskriminal.com\/en\/wp-json\/wp\/v2\/pages"}],"about":[{"href":"https:\/\/siriuskriminal.com\/en\/wp-json\/wp\/v2\/types\/page"}],"author":[{"embeddable":true,"href":"https:\/\/siriuskriminal.com\/en\/wp-json\/wp\/v2\/users\/1"}],"replies":[{"embeddable":true,"href":"https:\/\/siriuskriminal.com\/en\/wp-json\/wp\/v2\/comments?post=122"}],"version-history":[{"count":10,"href":"https:\/\/siriuskriminal.com\/en\/wp-json\/wp\/v2\/pages\/122\/revisions"}],"predecessor-version":[{"id":821,"href":"https:\/\/siriuskriminal.com\/en\/wp-json\/wp\/v2\/pages\/122\/revisions\/821"}],"wp:attachment":[{"href":"https:\/\/siriuskriminal.com\/en\/wp-json\/wp\/v2\/media?parent=122"}],"curies":[{"name":"wp","href":"https:\/\/api.w.org\/{rel}","templated":true}]}}