{"id":11,"date":"2021-03-03T13:08:17","date_gmt":"2021-03-03T13:08:17","guid":{"rendered":"http:\/\/siriuskriminal.com\/?page_id=11"},"modified":"2022-12-12T08:18:27","modified_gmt":"2022-12-12T08:18:27","slug":"duyurular","status":"publish","type":"page","link":"https:\/\/siriuskriminal.com\/en\/duyurular\/","title":{"rendered":"Announcement"},"content":{"rendered":"\n<h2 class=\"wp-block-heading\">Temel Olay Yeri \u0130nceleme E\u011fitimi \u00d6n Kay\u0131t Formu<\/h2>\n\n\n<div class=\"wpforms-container wpforms-container-full wpforms-block\" id=\"wpforms-636\"><form id=\"wpforms-form-636\" class=\"wpforms-validate wpforms-form wpforms-ajax-form\" data-formid=\"636\" method=\"post\" enctype=\"multipart\/form-data\" action=\"\/en\/wp-json\/wp\/v2\/pages\/11\" data-token=\"42f64fd32d9de78c3a8e04b572822bac\" data-token-time=\"1777739955\"><noscript class=\"wpforms-error-noscript\">Please enable JavaScript in your browser to complete this form.<\/noscript><div class=\"wpforms-field-container\"><div id=\"wpforms-636-field_1-container\" class=\"wpforms-field wpforms-field-name\" data-field-id=\"1\"><label class=\"wpforms-field-label\" for=\"wpforms-636-field_1\">Ad Soyad <span class=\"wpforms-required-label\">*<\/span><\/label><input type=\"text\" id=\"wpforms-636-field_1\" class=\"wpforms-field-medium wpforms-field-required\" name=\"wpforms[fields][1]\" required><\/div><div id=\"wpforms-636-field_2-container\" class=\"wpforms-field wpforms-field-email\" data-field-id=\"2\"><label class=\"wpforms-field-label\" for=\"wpforms-636-field_2\">Email <span class=\"wpforms-required-label\">*<\/span><\/label><input type=\"email\" id=\"wpforms-636-field_2\" class=\"wpforms-field-medium wpforms-field-required\" name=\"wpforms[fields][2]\" spellcheck=\"false\" required><\/div><div id=\"wpforms-636-field_26-container\" class=\"wpforms-field wpforms-field-phone\" data-field-id=\"26\"><label class=\"wpforms-field-label\" for=\"wpforms-636-field_26\">Telefon no <span class=\"wpforms-required-label\">*<\/span><\/label><input type=\"tel\" id=\"wpforms-636-field_26\" class=\"wpforms-field-medium wpforms-field-required\" data-rule-int-phone-field=\"true\" name=\"wpforms[fields][26]\" aria-label=\"Telefon no\" required><\/div><div id=\"wpforms-636-field_7-container\" class=\"wpforms-field wpforms-field-textarea\" data-field-id=\"7\"><label class=\"wpforms-field-label\" for=\"wpforms-636-field_7\">Yorum ve Sorular <span class=\"wpforms-required-label\">*<\/span><\/label><textarea id=\"wpforms-636-field_7\" class=\"wpforms-field-medium wpforms-field-required\" name=\"wpforms[fields][7]\" required><\/textarea><\/div><div id=\"wpforms-636-field_6-container\" class=\"wpforms-field wpforms-field-checkbox\" data-field-id=\"6\"><label class=\"wpforms-field-label\">A\u00e7\u0131k R\u0131za Metni <span class=\"wpforms-required-label\">*<\/span><\/label><ul id=\"wpforms-636-field_6\" class=\"wpforms-field-required\"><li class=\"choice-1 depth-1\"><input type=\"checkbox\" id=\"wpforms-636-field_6_1\" name=\"wpforms[fields][6][]\" value=\"6698 say\u0131l\u0131 Ki\u015fisel Verilerin Korunmas\u0131 Kanunu \u00e7er\u00e7evesinde ki\u015fisel\/\u00f6zel nitelikli ki\u015fisel verilerimin; fiziksel olarak Yukar\u0131 Dikmen Mah. 663.Sok No:11\/7 veya web sitesi (www.siriuskriminal.com) \u00fczerinden tamamen veya k\u0131smen elde edilmesi, kaydedilmesi, depolanmas\u0131, de\u011fi\u015ftirilmesi, g\u00fcncellenmesi, s\u0131n\u0131fland\u0131r\u0131lmas\u0131, i\u015flendikleri ama\u00e7 i\u00e7in gerekli olan ya da ilgili kanunda \u00f6ng\u00f6r\u00fclen s\u00fcre kadar muhafaza edilmesi, kanuni nedenlerle veya yap\u0131lan i\u015fin niteli\u011fi gere\u011fi \u00fc\u00e7\u00fcnc\u00fc ki\u015filer ile payla\u015f\u0131lmas\u0131, yurtd\u0131\u015f\u0131na aktar\u0131lmas\u0131 da dahil olmak \u00fczere kanunda a\u00e7\u0131kland\u0131\u011f\u0131 \u015fekilde i\u015flenmesine, konu hakk\u0131nda teredd\u00fcde yer vermeyecek \u015fekilde bilgi sahibi ve ayd\u0131nlat\u0131lm\u0131\u015f olarak a\u00e7\u0131k r\u0131zam ile onay veriyorum.\" required ><label class=\"wpforms-field-label-inline\" for=\"wpforms-636-field_6_1\">6698 say\u0131l\u0131 Ki\u015fisel Verilerin Korunmas\u0131 Kanunu \u00e7er\u00e7evesinde ki\u015fisel\/\u00f6zel nitelikli ki\u015fisel verilerimin; fiziksel olarak Yukar\u0131 Dikmen Mah. 663.Sok No:11\/7 veya web sitesi (www.siriuskriminal.com) \u00fczerinden tamamen veya k\u0131smen elde edilmesi, kaydedilmesi, depolanmas\u0131, de\u011fi\u015ftirilmesi, g\u00fcncellenmesi, s\u0131n\u0131fland\u0131r\u0131lmas\u0131, i\u015flendikleri ama\u00e7 i\u00e7in gerekli olan ya da ilgili kanunda \u00f6ng\u00f6r\u00fclen s\u00fcre kadar muhafaza edilmesi, kanuni nedenlerle veya yap\u0131lan i\u015fin niteli\u011fi gere\u011fi \u00fc\u00e7\u00fcnc\u00fc ki\u015filer ile payla\u015f\u0131lmas\u0131, yurtd\u0131\u015f\u0131na aktar\u0131lmas\u0131 da dahil olmak \u00fczere kanunda a\u00e7\u0131kland\u0131\u011f\u0131 \u015fekilde i\u015flenmesine, konu hakk\u0131nda teredd\u00fcde yer vermeyecek \u015fekilde bilgi sahibi ve ayd\u0131nlat\u0131lm\u0131\u015f olarak a\u00e7\u0131k r\u0131zam ile onay veriyorum.<\/label><\/li><\/ul><\/div><\/div><!-- .wpforms-field-container --><div class=\"wpforms-submit-container\" ><input type=\"hidden\" name=\"wpforms[id]\" value=\"636\"><input type=\"hidden\" name=\"page_title\" value=\"\"><input type=\"hidden\" name=\"page_url\" value=\"https:\/\/siriuskriminal.com\/en\/wp-json\/wp\/v2\/pages\/11\"><input type=\"hidden\" name=\"url_referer\" value=\"\"><button type=\"submit\" name=\"wpforms[submit]\" id=\"wpforms-submit-636\" class=\"wpforms-submit\" data-alt-text=\"G\u00f6nderiliyor\" data-submit-text=\"G\u00f6nder\" aria-live=\"assertive\" value=\"wpforms-submit\">G\u00f6nder<\/button><img decoding=\"async\" src=\"https:\/\/siriuskriminal.com\/wp-content\/plugins\/wpforms\/assets\/images\/submit-spin.svg\" class=\"wpforms-submit-spinner\" style=\"display: none;\" width=\"26\" height=\"26\" alt=\"Loading\"><\/div><\/form><\/div>  <!-- .wpforms-container -->","protected":false},"excerpt":{"rendered":"<p>Temel Olay Yeri \u0130nceleme E\u011fitimi \u00d6n Kay\u0131t Formu<\/p>","protected":false},"author":1,"featured_media":0,"parent":0,"menu_order":0,"comment_status":"closed","ping_status":"closed","template":"","meta":{"om_disable_all_campaigns":false,"_monsterinsights_skip_tracking":false,"_monsterinsights_sitenote_active":false,"_monsterinsights_sitenote_note":"","_monsterinsights_sitenote_category":0,"_uf_show_specific_survey":0,"_uf_disable_surveys":false,"footnotes":""},"class_list":["post-11","page","type-page","status-publish","hentry"],"aioseo_notices":[],"_links":{"self":[{"href":"https:\/\/siriuskriminal.com\/en\/wp-json\/wp\/v2\/pages\/11","targetHints":{"allow":["GET"]}}],"collection":[{"href":"https:\/\/siriuskriminal.com\/en\/wp-json\/wp\/v2\/pages"}],"about":[{"href":"https:\/\/siriuskriminal.com\/en\/wp-json\/wp\/v2\/types\/page"}],"author":[{"embeddable":true,"href":"https:\/\/siriuskriminal.com\/en\/wp-json\/wp\/v2\/users\/1"}],"replies":[{"embeddable":true,"href":"https:\/\/siriuskriminal.com\/en\/wp-json\/wp\/v2\/comments?post=11"}],"version-history":[{"count":3,"href":"https:\/\/siriuskriminal.com\/en\/wp-json\/wp\/v2\/pages\/11\/revisions"}],"predecessor-version":[{"id":672,"href":"https:\/\/siriuskriminal.com\/en\/wp-json\/wp\/v2\/pages\/11\/revisions\/672"}],"wp:attachment":[{"href":"https:\/\/siriuskriminal.com\/en\/wp-json\/wp\/v2\/media?parent=11"}],"curies":[{"name":"wp","href":"https:\/\/api.w.org\/{rel}","templated":true}]}}